{"id":10,"date":"2024-08-31T14:32:18","date_gmt":"2024-08-31T17:32:18","guid":{"rendered":"https:\/\/selosdesalomao.com.br\/?page_id=10"},"modified":"2024-12-04T13:50:04","modified_gmt":"2024-12-04T16:50:04","slug":"home","status":"publish","type":"page","link":"https:\/\/selosdesalomao.com.br\/","title":{"rendered":"Home"},"content":{"rendered":"\t\t<div data-elementor-type=\"wp-page\" data-elementor-id=\"10\" class=\"elementor elementor-10\">\n\t\t\t\t<div class=\"elementor-element elementor-element-115b344 e-flex e-con-boxed e-con e-parent\" data-id=\"115b344\" data-element_type=\"container\">\n\t\t\t\t\t<div class=\"e-con-inner\">\n\t\t\t\t<div class=\"elementor-element elementor-element-c552d2d elementor-widget elementor-widget-image\" data-id=\"c552d2d\" data-element_type=\"widget\" data-widget_type=\"image.default\">\n\t\t\t\t<div class=\"elementor-widget-container\">\n\t\t\t\t\t\t\t\t\t\t\t\t\t<img fetchpriority=\"high\" decoding=\"async\" width=\"1374\" height=\"481\" src=\"https:\/\/selosdesalomao.com.br\/wp-content\/uploads\/2024\/09\/selos-salomao-lotipo.png\" class=\"attachment-full size-full wp-image-967\" alt=\"\" srcset=\"https:\/\/selosdesalomao.com.br\/wp-content\/uploads\/2024\/09\/selos-salomao-lotipo.png 1374w, https:\/\/selosdesalomao.com.br\/wp-content\/uploads\/2024\/09\/selos-salomao-lotipo-300x105.png 300w, https:\/\/selosdesalomao.com.br\/wp-content\/uploads\/2024\/09\/selos-salomao-lotipo-1024x358.png 1024w, https:\/\/selosdesalomao.com.br\/wp-content\/uploads\/2024\/09\/selos-salomao-lotipo-768x269.png 768w\" sizes=\"(max-width: 1374px) 100vw, 1374px\" \/>\t\t\t\t\t\t\t\t\t\t\t\t\t<\/div>\n\t\t\t\t<\/div>\n\t\t\t\t<div class=\"elementor-element elementor-element-e383fc3 elementor-widget elementor-widget-text-editor\" data-id=\"e383fc3\" data-element_type=\"widget\" data-widget_type=\"text-editor.default\">\n\t\t\t\t<div class=\"elementor-widget-container\">\n\t\t\t\t\t\t\t<div style=\"text-align: justify;\">\n\nPara aqueles que n\u00e3o puderem financeiramente fazer o curso completo, pago, <a style=\"color: white; font-weight: 900;\" href=\"https:\/\/www.sementesdasestrelas.com.br\/curso-intensivo-os-codigos-da-prosperidade-com-magias-em-aramaico\" target=\"_blank\" rel=\"noopener\">\u201cOs C\u00f3digos da Prosperidade\u201d<\/a> com todas as aulas, eu preparei um site especial com Os Selos de Salom\u00e3o que canalizei, de forma completamente GRATUITA para auxiliar tamb\u00e9m no desbloqueio da prosperidade daqueles que financeiramente n\u00e3o puderam adquirir o curso completo comigo. \u00c9 um site com c\u00f3digos sagrados, com t\u00e9cnica especial e comandos simb\u00f3licos que auxiliar\u00e3o no destravar de cren\u00e7as e traumas ancestrais. Acessem e usem a Tecnologia com sabedoria!\n\n<br><br>Os Selos de Salom\u00e3o cont\u00eam uma simbologia sagrada, com geometria e magnetismo que funcionam como um \u00edm\u00e3 em for\u00e7a centr\u00edpeta, e como um desintegrador em for\u00e7a centr\u00edfuga. Ao olhar para o conte\u00fado de um simples selo, uma grande for\u00e7a espiritual \u00e9 ativada, puxando voc\u00ea para dentro de um v\u00f3rtice que transforma tudo o que precisa ser transmutado, especialmente aquilo que impede seu progresso em rela\u00e7\u00e3o \u00e0 abund\u00e2ncia e \u00e0 prosperidade.\n\n<br><br>S\u00e3o 12 selos, cada um deles com uma simbologia que trabalhar\u00e1 pontos mais espec\u00edficos do seu transcendental e presente. Situa\u00e7\u00f5es como viv\u00eancias, traumas, cren\u00e7as limitantes e bloqueios que obstruem o fluxo natural da abund\u00e2ncia e prosperidade na sua vida, entrar\u00e3o em uma for\u00e7a centr\u00edfuga desintegradora, ap\u00f3s serem puxadas para cura.\n\n<br><br>Tamb\u00e9m \u00e9 importante que saiba que, al\u00e9m de voc\u00ea poder ajudar na cura do seu transcendental e presente atrav\u00e9s do Selo que voc\u00ea tirou, ligado intimamente a quest\u00f5es mais pessoais suas, isso n\u00e3o muda o fato de que tamb\u00e9m voc\u00ea poder\u00e1 trabalhar quest\u00f5es da grade planet\u00e1ria que estejam impregnadas no campo m\u00f3rfico do planeta e\/ou simplesmente quest\u00f5es do ambiente que voc\u00ea esteja, seja familiar, trabalho etc. Antes de tudo voc\u00ea \u00e9 um ser mission\u00e1rio, n\u00e3o esque\u00e7a disso!\n\n<br><br>Siga exatamente os passos que eu darei; honre uma conduta de amor e seriedade com o trabalho. Lembra que tudo acontece por um motivo. Pare de reclamar da vida e confie no trabalho que se iniciar\u00e1 aqui!\n\n<br><br><hr \/>\n\n<br>Siga os passos:\n\n<br><br>1 \u2013 Concentre-se, respire profundamente, conecte-se com o Rei Salom\u00e3o. Invoque sua energia em nome do Nosso Senhor Jesus Cristo. Pronto. Escolha um selo e clique.\n\n<br><br>2 \u2013 Veja o selo, observe o s\u00edmbolo e toda a simbologia. Leia o escrito na carta. Abstenha-se de querer interpretar muito, com sua mente linear. Isso poder\u00e1 atrapalhar o processo. Apenas observe por alguns segundos. Leia o conte\u00fado abaixo do selo. Permita-se entrar no v\u00f3rtice, permita o trabalho iniciar.\n\n<br><br>3 \u2013 Ap\u00f3s retirar o selo, vamos iniciar um trabalho especial de 21 dias. Voc\u00ea poder\u00e1 fotografar o selo e ter a imagem guardada em seu celular ou mesmo imprimi-la. A partir de agora, por 21 dias seguidos, voc\u00ea deixar\u00e1 um copo com \u00e1gua ao lado da cama quando for dormir e a beber\u00e1 ao acordar. (\u00c9 importante que deixe o copo com \u00e1gua longe de tecnologia como por exemplo celular, tv, rel\u00f3gio&#8230; e claro, seu pr\u00f3prio corpo f\u00edsico precisa ficar no m\u00ednimo 1 metro de dist\u00e2ncia de qualquer tecnologia). Voc\u00ea poder\u00e1, se quiser, imprimir em papel o selo que veio para voc\u00ea, dobrar e colocar perto ou embaixo do copo com \u00e1gua que ir\u00e1 beber pela manh\u00e3 ao acordar. Se n\u00e3o imprimiu n\u00e3o tem problema. Siga isso por 21 dias. Voc\u00ea poder\u00e1 repetir por mais 21 dias, ap\u00f3s uma pausa de 7 dias, reiniciando, ent\u00e3o, o processo de 21 dias, novamente, com o mesmo selo.\n\n<br><br>4 \u2013 \u201cPosso repetir depois e retirar, novamente, outra carta ap\u00f3s os 21 dias de tirada do primeiro selo?\u201d &#8211; Sim, pode, e repita os passos do processo 3. \u201cPosso tirar, v\u00e1rias vezes, v\u00e1rios selos, em uma \u00fanica vez? Tirar um, depois outro, e depois outro?\u201d &#8211; De poder, pode! Mas lembre-se de que cada selo traz uma for\u00e7a e, fazer isso, desta forma, poder\u00e1 lev\u00e1-lo a uma catarse muito forte e desnecess\u00e1ria. N\u00e3o precisa disso! Fa\u00e7a com harmonia! Um selo por vez \u00e9 o bastante.\n\n<br><br>Voc\u00ea poder\u00e1 ter sonhos com antepassados, com seus pais, com situa\u00e7\u00f5es desconfort\u00e1veis dessa e de outras vidas. Situa\u00e7\u00f5es que poder\u00e3o ser pontos-chave dos seus bloqueios de prosperidade! N\u00e3o tema esses sonhos, deixe sair e liberar! Voc\u00ea poder\u00e1 ter catarses com choros e desconforto nos tr\u00eas primeiros chakras (B\u00e1sico, Sexual e Solar). Todo e qualquer tipo de catarse \u00e9 normal, caso aconte\u00e7am. N\u00e3o significa que v\u00e3o acontecer, mas podem ocorrer, sim.\n\n<br><br>N\u00e3o se assuste com o conte\u00fado informativo de algum dos selos, apenas confie no processo e deixe fluir!\n\n<br><br>\n\n<center>\u00c9 at\u00e9 onde Jesus me permite ver e transmitir.<\/center>\n\n<br><center>Pela verdade, nada mais que a verdade,<\/center>\n\n<br><center>Neva<\/center>\n\n<br><center><a href=\"https:\/\/www.sementesdasestrelas.com.br\/\" target=\"_blank\" rel=\"noopener\"><img decoding=\"async\" src=\"https:\/\/selosdesalomao.com.br\/wp-content\/uploads\/2024\/09\/Portal-Embaixa-Sementes-v2-2.webp\" width=\"30%\" \/><\/a><\/center><\/div>\t\t\t\t\t\t<\/div>\n\t\t\t\t<\/div>\n\t\t\t\t\t<\/div>\n\t\t\t\t<\/div>\n\t\t<div class=\"elementor-element elementor-element-1a5e7a4 e-con-full e-flex e-con e-parent\" data-id=\"1a5e7a4\" data-element_type=\"container\">\n\t\t\t\t<div class=\"elementor-element elementor-element-db4e7f3 elementor-widget elementor-widget-html\" data-id=\"db4e7f3\" data-element_type=\"widget\" data-widget_type=\"html.default\">\n\t\t\t\t<div class=\"elementor-widget-container\">\n\t\t\t<div style=\"height:1px;width:1px;overflow:hidden;position:absolute;left:-99999px;top:-99999px\"><img decoding=\"async\" src=\"https:\/\/selosdesalomao.com.br\/wp-content\/plugins\/selos-de-salomao\/admin\/img\/card-back-7.png\" \/><\/div><!-- Oracle Cards, Emotional Online Storytelling --><div id=\"oc-deck-2-69fb7199b7d38\" class=\"oracle-cards-wrapper\" style=\"padding-top:20px\" data-type=\"folding_fan\" data-card_width=\"230\" data-ratio=\"1.59\" data-direction=\"left\" data-show_title=\"false\" data-title_alignment=\"initial\" data-ajax_loader=\"https:\/\/selosdesalomao.com.br\/wp-content\/plugins\/selos-de-salomao\/assets-1.1.4\/img\/ajax-loader.gif\" data-ajaxurl=\"https:\/\/selosdesalomao.com.br\/wp-admin\/admin-ajax.php\" data-is_admin_preview=\"\" data-deck_from=\"930\" data-clicked=\"0\" data-deck=\"2\"\" ><div class=\"oracle-cards\"><div class=\"eos-cards-deck-wrp eos-cards-fan\" style=\"position:relative;height:0\"><div class=\"card-back-wrp\" style=\"visibility:hidden;position:relative\"><div id=\"eos-card-0\" class=\"eos-card card-in-deck\" style=\"visibility:hidden;cursor:pointer;z-index:999;width:230px;position:absolute;top:20px;left:50%;margin-left:-4.9px;margin-top:-6px\"><img decoding=\"async\" style=\"transform:rotate(-15deg)\" class=\"card-back-img\" width=\"230\" height=\"365\" alt=\"SELO 7\" src=\"https:\/\/selosdesalomao.com.br\/wp-content\/plugins\/selos-de-salomao\/admin\/img\/card-back-7.png\" \/><img decoding=\"async\" class=\"card-front-img\" data-border_radius=\"\" style=\"transform:rotate(-15deg) scaleX(-1);display:none\" width=\"230\" height=\"365\" alt=\"SELO 7\" src=\"\" \/><\/div><div id=\"eos-card-2\" class=\"eos-card card-in-deck\" style=\"visibility:hidden;cursor:pointer;z-index:999;width:230px;position:absolute;top:20px;left:50%;margin-left:35.2px;margin-top:-0.66666666666667px\"><img loading=\"lazy\" decoding=\"async\" style=\"transform:rotate(-11.746034415035deg)\" class=\"card-back-img\" width=\"230\" height=\"365\" alt=\"SELO 7\" src=\"https:\/\/selosdesalomao.com.br\/wp-content\/plugins\/selos-de-salomao\/admin\/img\/card-back-7.png\" \/><img loading=\"lazy\" decoding=\"async\" class=\"card-front-img\" data-border_radius=\"\" style=\"transform:rotate(-11.746034415035deg) scaleX(-1);display:none\" width=\"230\" height=\"365\" alt=\"SELO 7\" src=\"\" \/><\/div><div id=\"eos-card-4\" class=\"eos-card card-in-deck\" style=\"visibility:hidden;cursor:pointer;z-index:999;width:230px;position:absolute;top:20px;left:50%;margin-left:55.3px;margin-top:10.666666666667px\"><img loading=\"lazy\" decoding=\"async\" style=\"transform:rotate(-8.1976365049122deg)\" class=\"card-back-img\" width=\"230\" height=\"365\" alt=\"SELO 7\" src=\"https:\/\/selosdesalomao.com.br\/wp-content\/plugins\/selos-de-salomao\/admin\/img\/card-back-7.png\" \/><img loading=\"lazy\" decoding=\"async\" class=\"card-front-img\" data-border_radius=\"\" style=\"transform:rotate(-8.1976365049122deg) scaleX(-1);display:none\" width=\"230\" height=\"365\" alt=\"SELO 7\" src=\"\" \/><\/div><div id=\"eos-card-6\" class=\"eos-card card-in-deck\" style=\"visibility:hidden;cursor:pointer;z-index:999;width:230px;position:absolute;top:20px;left:50%;margin-left:75.3px;margin-top:0px\"><img loading=\"lazy\" decoding=\"async\" style=\"transform:rotate(-5.1496150172645deg)\" class=\"card-back-img\" width=\"230\" height=\"365\" alt=\"SELO 7\" src=\"https:\/\/selosdesalomao.com.br\/wp-content\/plugins\/selos-de-salomao\/admin\/img\/card-back-7.png\" \/><img loading=\"lazy\" decoding=\"async\" class=\"card-front-img\" data-border_radius=\"\" style=\"transform:rotate(-5.1496150172645deg) scaleX(-1);display:none\" width=\"230\" height=\"365\" alt=\"SELO 7\" src=\"\" \/><\/div><div id=\"eos-card-8\" class=\"eos-card card-in-deck\" style=\"visibility:hidden;cursor:pointer;z-index:999;width:230px;position:absolute;top:20px;left:50%;margin-left:95.2px;margin-top:9.3333333333333px\"><img loading=\"lazy\" decoding=\"async\" style=\"transform:rotate(-1.558072898155deg)\" class=\"card-back-img\" width=\"230\" height=\"365\" alt=\"SELO 7\" src=\"https:\/\/selosdesalomao.com.br\/wp-content\/plugins\/selos-de-salomao\/admin\/img\/card-back-7.png\" \/><img loading=\"lazy\" decoding=\"async\" class=\"card-front-img\" data-border_radius=\"\" style=\"transform:rotate(-1.558072898155deg) scaleX(-1);display:none\" width=\"230\" height=\"365\" alt=\"SELO 7\" src=\"\" \/><\/div><div id=\"eos-card-10\" class=\"eos-card card-in-deck\" style=\"visibility:hidden;cursor:pointer;z-index:999;width:230px;position:absolute;top:20px;left:50%;margin-left:115.3px;margin-top:-5.3333333333333px\"><img loading=\"lazy\" decoding=\"async\" style=\"transform:rotate(1.6574597419672deg)\" class=\"card-back-img\" width=\"230\" height=\"365\" alt=\"SELO 7\" src=\"https:\/\/selosdesalomao.com.br\/wp-content\/plugins\/selos-de-salomao\/admin\/img\/card-back-7.png\" \/><img loading=\"lazy\" decoding=\"async\" class=\"card-front-img\" data-border_radius=\"\" style=\"transform:rotate(1.6574597419672deg) scaleX(-1);display:none\" width=\"230\" height=\"365\" alt=\"SELO 7\" src=\"\" \/><\/div><div id=\"eos-card-12\" class=\"eos-card card-in-deck\" style=\"visibility:hidden;cursor:pointer;z-index:999;width:230px;position:absolute;top:20px;left:50%;margin-left:135.2px;margin-top:8px\"><img loading=\"lazy\" decoding=\"async\" style=\"transform:rotate(4.8581544542567deg)\" class=\"card-back-img\" width=\"230\" height=\"365\" alt=\"SELO 7\" src=\"https:\/\/selosdesalomao.com.br\/wp-content\/plugins\/selos-de-salomao\/admin\/img\/card-back-7.png\" \/><img loading=\"lazy\" decoding=\"async\" class=\"card-front-img\" data-border_radius=\"\" style=\"transform:rotate(4.8581544542567deg) scaleX(-1);display:none\" width=\"230\" height=\"365\" alt=\"SELO 7\" src=\"\" \/><\/div><div id=\"eos-card-14\" class=\"eos-card card-in-deck\" style=\"visibility:hidden;cursor:pointer;z-index:999;width:230px;position:absolute;top:20px;left:50%;margin-left:155.1px;margin-top:10.333333333333px\"><img loading=\"lazy\" decoding=\"async\" style=\"transform:rotate(8.6614459521991deg)\" class=\"card-back-img\" width=\"230\" height=\"365\" alt=\"SELO 7\" src=\"https:\/\/selosdesalomao.com.br\/wp-content\/plugins\/selos-de-salomao\/admin\/img\/card-back-7.png\" \/><img loading=\"lazy\" decoding=\"async\" class=\"card-front-img\" data-border_radius=\"\" style=\"transform:rotate(8.6614459521991deg) scaleX(-1);display:none\" width=\"230\" height=\"365\" alt=\"SELO 7\" src=\"\" \/><\/div><div id=\"eos-card-16\" class=\"eos-card card-in-deck\" style=\"visibility:hidden;cursor:pointer;z-index:999;width:230px;position:absolute;top:20px;left:50%;margin-left:175.1px;margin-top:6.6666666666667px\"><img loading=\"lazy\" decoding=\"async\" style=\"transform:rotate(11.141511278715deg)\" class=\"card-back-img\" width=\"230\" height=\"365\" alt=\"SELO 7\" src=\"https:\/\/selosdesalomao.com.br\/wp-content\/plugins\/selos-de-salomao\/admin\/img\/card-back-7.png\" \/><img loading=\"lazy\" decoding=\"async\" class=\"card-front-img\" data-border_radius=\"\" style=\"transform:rotate(11.141511278715deg) scaleX(-1);display:none\" width=\"230\" height=\"365\" alt=\"SELO 7\" src=\"\" \/><\/div><div id=\"eos-card-18\" class=\"eos-card card-in-deck\" style=\"visibility:hidden;cursor:pointer;z-index:999;width:230px;position:absolute;top:20px;left:50%;margin-left:195.3px;margin-top:13px\"><img loading=\"lazy\" decoding=\"async\" style=\"transform:rotate(15.703511737097deg)\" class=\"card-back-img\" width=\"230\" height=\"365\" alt=\"SELO 7\" src=\"https:\/\/selosdesalomao.com.br\/wp-content\/plugins\/selos-de-salomao\/admin\/img\/card-back-7.png\" \/><img loading=\"lazy\" decoding=\"async\" class=\"card-front-img\" data-border_radius=\"\" style=\"transform:rotate(15.703511737097deg) scaleX(-1);display:none\" width=\"230\" height=\"365\" alt=\"SELO 7\" src=\"\" \/><\/div><div id=\"eos-card-20\" class=\"eos-card card-in-deck\" style=\"visibility:hidden;cursor:pointer;z-index:999;width:230px;position:absolute;top:20px;left:50%;margin-left:215.1px;margin-top:-1.6666666666667px\"><img loading=\"lazy\" decoding=\"async\" style=\"transform:rotate(17.500813767639deg)\" class=\"card-back-img\" width=\"230\" height=\"365\" alt=\"SELO 7\" src=\"https:\/\/selosdesalomao.com.br\/wp-content\/plugins\/selos-de-salomao\/admin\/img\/card-back-7.png\" \/><img loading=\"lazy\" decoding=\"async\" class=\"card-front-img\" data-border_radius=\"\" style=\"transform:rotate(17.500813767639deg) scaleX(-1);display:none\" width=\"230\" height=\"365\" alt=\"SELO 7\" src=\"\" \/><\/div><div id=\"eos-card-22\" class=\"eos-card card-in-deck\" style=\"visibility:hidden;cursor:pointer;z-index:999;width:230px;position:absolute;top:20px;left:50%;margin-left:235.2px;margin-top:12.666666666667px\"><img loading=\"lazy\" decoding=\"async\" style=\"transform:rotate(22.55120435779deg)\" class=\"card-back-img\" width=\"230\" height=\"365\" alt=\"SELO 7\" src=\"https:\/\/selosdesalomao.com.br\/wp-content\/plugins\/selos-de-salomao\/admin\/img\/card-back-7.png\" \/><img loading=\"lazy\" decoding=\"async\" class=\"card-front-img\" data-border_radius=\"\" style=\"transform:rotate(22.55120435779deg) scaleX(-1);display:none\" width=\"230\" height=\"365\" alt=\"SELO 7\" src=\"\" \/><\/div><\/div><div class=\"card-front-wrp\" style=\"z-index:-1;position:relative;overflow:hidden\"><\/div><\/div><\/div><script>function oc_get_random_card(){var rnd=Math.floor(Math.random()*11),cards=[\"https:\/\/selosdesalomao.com.br\/wp-content\/uploads\/2024\/09\/1-Carta-Salomao-597x1024.jpg\",\"https:\/\/selosdesalomao.com.br\/wp-content\/uploads\/2024\/09\/5-Carta-Salomao-597x1024.jpg\",\"https:\/\/selosdesalomao.com.br\/wp-content\/uploads\/2024\/09\/10-Carta-Salomao-597x1024.jpg\",\"https:\/\/selosdesalomao.com.br\/wp-content\/uploads\/2024\/09\/2-Carta-Salomao-597x1024.jpg\",\"https:\/\/selosdesalomao.com.br\/wp-content\/uploads\/2024\/09\/4-Carta-Salomao-597x1024.jpg\",\"https:\/\/selosdesalomao.com.br\/wp-content\/uploads\/2024\/09\/6-Carta-Salomao-597x1024.jpg\",\"https:\/\/selosdesalomao.com.br\/wp-content\/uploads\/2024\/09\/9-Carta-Salomao-597x1024.jpg\",\"https:\/\/selosdesalomao.com.br\/wp-content\/uploads\/2024\/09\/8-Carta-Salomao-597x1024.jpg\",\"https:\/\/selosdesalomao.com.br\/wp-content\/uploads\/2024\/09\/12-Carta-Salomao-597x1024.jpg\",\"https:\/\/selosdesalomao.com.br\/wp-content\/uploads\/2024\/09\/3-Carta-Salomao-597x1024.jpg\",\"https:\/\/selosdesalomao.com.br\/wp-content\/uploads\/2024\/09\/11-Carta-Salomao-597x1024.jpg\",\"https:\/\/selosdesalomao.com.br\/wp-content\/uploads\/2024\/09\/7-Carta-Salomao-597x1024.jpg\"],links=[\"\",\"\",\"\",\"\",\"\",\"\",\"\",\"\",\"\",\"\",\"\",\"\"],ids=[\"35\",\"40\",\"45\",\"37\",\"39\",\"41\",\"44\",\"43\",\"34\",\"38\",\"36\",\"42\"],titles=[\"SELO 1\",\"SELO 5\",\"SELO 10\",\"SELO 2\",\"SELO 4\",\"SELO 6\",\"SELO 9\",\"SELO 8\",\"SELO 12\",\"SELO 3\",\"SELO 11\",\"SELO 7\"];window.all_cards_data = [cards,links,titles];return [cards[rnd],links[rnd],ids[rnd],titles[rnd]];}oc_get_random_card();var rnd_card=oc_get_random_card(),fc=document.getElementsByClassName(\"card-front-img\");for(var c=0;c<fc.length;++c){fc[c].src = rnd_card[0];}<\/script><div class=\"eos-card-content\" style=\"padding-top:20px;min-height:0\"><\/div><div style=\"margin-top:0\" class=\"eos-mix-cards-wrp eos-hidden center\"><input type=\"submit\" class=\"refresh-cards button\" style=\"white-space:normal\" value=\"Embaralhar novamente os Selos\" \/><\/div><div id=\"eos-card-btn-wrp\" style=\"margin-top:0\" class=\"eos-hidden center\"><input type=\"submit\" style=\"white-space:normal\" class=\"take-a-card button\" value=\"Escolha sua carta\" \/><\/div><\/div><style scoped>.eos-cards-deck-wrp{padding-bottom:401.8px}.oracle-cards-wrapper .card-back-img,.oracle-cards-wrapper .card-front-img{width:230px;height:365px}@media screen and (max-width:330px){.oracle-cards-wrapper .card-back-img,.oracle-cards-wrapper .card-front-img{max-width:100%;height:auto}.eos-cards-deck-wrp{padding-bottom:calc(159% - 47.8px)}}<\/style><script>function oc_get_random_card(){var rnd=Math.floor(Math.random()*11),cards=[\"https:\/\/selosdesalomao.com.br\/wp-content\/uploads\/2024\/09\/1-Carta-Salomao-597x1024.jpg\",\"https:\/\/selosdesalomao.com.br\/wp-content\/uploads\/2024\/09\/5-Carta-Salomao-597x1024.jpg\",\"https:\/\/selosdesalomao.com.br\/wp-content\/uploads\/2024\/09\/10-Carta-Salomao-597x1024.jpg\",\"https:\/\/selosdesalomao.com.br\/wp-content\/uploads\/2024\/09\/2-Carta-Salomao-597x1024.jpg\",\"https:\/\/selosdesalomao.com.br\/wp-content\/uploads\/2024\/09\/4-Carta-Salomao-597x1024.jpg\",\"https:\/\/selosdesalomao.com.br\/wp-content\/uploads\/2024\/09\/6-Carta-Salomao-597x1024.jpg\",\"https:\/\/selosdesalomao.com.br\/wp-content\/uploads\/2024\/09\/9-Carta-Salomao-597x1024.jpg\",\"https:\/\/selosdesalomao.com.br\/wp-content\/uploads\/2024\/09\/8-Carta-Salomao-597x1024.jpg\",\"https:\/\/selosdesalomao.com.br\/wp-content\/uploads\/2024\/09\/12-Carta-Salomao-597x1024.jpg\",\"https:\/\/selosdesalomao.com.br\/wp-content\/uploads\/2024\/09\/3-Carta-Salomao-597x1024.jpg\",\"https:\/\/selosdesalomao.com.br\/wp-content\/uploads\/2024\/09\/11-Carta-Salomao-597x1024.jpg\",\"https:\/\/selosdesalomao.com.br\/wp-content\/uploads\/2024\/09\/7-Carta-Salomao-597x1024.jpg\"],links=[\"\",\"\",\"\",\"\",\"\",\"\",\"\",\"\",\"\",\"\",\"\",\"\"],ids=[\"35\",\"40\",\"45\",\"37\",\"39\",\"41\",\"44\",\"43\",\"34\",\"38\",\"36\",\"42\"],titles=[\"SELO 1\",\"SELO 5\",\"SELO 10\",\"SELO 2\",\"SELO 4\",\"SELO 6\",\"SELO 9\",\"SELO 8\",\"SELO 12\",\"SELO 3\",\"SELO 11\",\"SELO 7\"];window.all_cards_data = [cards,links,titles];return [cards[rnd],links[rnd],ids[rnd],titles[rnd]];}oc_get_random_card();var rnd_card=oc_get_random_card(),fc=document.getElementsByClassName(\"card-front-img\");for(var c=0;c<fc.length;++c){fc[c].src = rnd_card[0];}<\/script><!-- Oracle Cards End -->\t\t<\/div>\n\t\t\t\t<\/div>\n\t\t\t\t<\/div>\n\t\t<div class=\"elementor-element elementor-element-46fc01c e-con-full e-flex e-con e-parent\" data-id=\"46fc01c\" data-element_type=\"container\">\n\t\t\t\t<div class=\"elementor-element elementor-element-a50c3ca elementor-widget elementor-widget-text-editor\" data-id=\"a50c3ca\" data-element_type=\"widget\" data-widget_type=\"text-editor.default\">\n\t\t\t\t<div class=\"elementor-widget-container\">\n\t\t\t\t\t\t\tSe voc\u00ea deseja fazer o curso completo &#8220;Os C\u00f3digos da Prosperidade&#8221;, <a style=\"color: black;\" href=\"https:\/\/www.sementesdasestrelas.com.br\/2024\/09\/curso-intensivo-os-codigos-da-prosperidade-com-magias-em-aramaico.html\" target=\"_blank\" rel=\"noopener\">clique aqui<\/a>.\t\t\t\t\t\t<\/div>\n\t\t\t\t<\/div>\n\t\t\t\t<\/div>\n\t\t\t\t<\/div>\n\t\t","protected":false},"excerpt":{"rendered":"<p>Para aqueles que n\u00e3o puderem financeiramente fazer o curso completo, pago, \u201cOs C\u00f3digos da Prosperidade\u201d com todas as aulas, eu preparei um site especial com Os Selos de Salom\u00e3o que canalizei, de forma completamente GRATUITA para auxiliar tamb\u00e9m no desbloqueio da prosperidade daqueles que financeiramente n\u00e3o puderam adquirir o curso completo comigo. \u00c9 um site [&hellip;]<\/p>\n","protected":false},"author":1,"featured_media":0,"parent":0,"menu_order":0,"comment_status":"closed","ping_status":"closed","template":"elementor_canvas","meta":{"footnotes":""},"class_list":["post-10","page","type-page","status-publish","hentry"],"_links":{"self":[{"href":"https:\/\/selosdesalomao.com.br\/index.php\/wp-json\/wp\/v2\/pages\/10","targetHints":{"allow":["GET"]}}],"collection":[{"href":"https:\/\/selosdesalomao.com.br\/index.php\/wp-json\/wp\/v2\/pages"}],"about":[{"href":"https:\/\/selosdesalomao.com.br\/index.php\/wp-json\/wp\/v2\/types\/page"}],"author":[{"embeddable":true,"href":"https:\/\/selosdesalomao.com.br\/index.php\/wp-json\/wp\/v2\/users\/1"}],"replies":[{"embeddable":true,"href":"https:\/\/selosdesalomao.com.br\/index.php\/wp-json\/wp\/v2\/comments?post=10"}],"version-history":[{"count":229,"href":"https:\/\/selosdesalomao.com.br\/index.php\/wp-json\/wp\/v2\/pages\/10\/revisions"}],"predecessor-version":[{"id":1043,"href":"https:\/\/selosdesalomao.com.br\/index.php\/wp-json\/wp\/v2\/pages\/10\/revisions\/1043"}],"wp:attachment":[{"href":"https:\/\/selosdesalomao.com.br\/index.php\/wp-json\/wp\/v2\/media?parent=10"}],"curies":[{"name":"wp","href":"https:\/\/api.w.org\/{rel}","templated":true}]}}